{"id":1163,"date":"2026-02-09T21:33:12","date_gmt":"2026-02-09T21:33:12","guid":{"rendered":"https:\/\/lasederia.com.py\/?post_type=product&#038;p=1163"},"modified":"2026-02-12T22:39:55","modified_gmt":"2026-02-12T22:39:55","slug":"hilo-estampado-follaje-silvestre","status":"publish","type":"product","link":"https:\/\/lasederia.com.py\/en\/product\/hilo-estampado-follaje-silvestre\/","title":{"rendered":"Hilo Estampado Follaje Silvestre"},"content":{"rendered":"<p>Hilo estampado Follaje Silvestre, con dise\u00f1o bot\u00e1nico de hojas y ramas en tonos verdes sobre fondo claro. La estampa presenta un patr\u00f3n org\u00e1nico y din\u00e1mico que aporta frescura y naturalidad.<\/p>","protected":false},"excerpt":{"rendered":"<p>Hilo estampado Follaje Silvestre, con dise\u00f1o bot\u00e1nico de hojas y ramas en tonos verdes sobre fondo claro. La estampa presenta un patr\u00f3n org\u00e1nico y din\u00e1mico que aporta frescura y naturalidad.<\/p>","protected":false},"featured_media":1165,"comment_status":"open","ping_status":"closed","template":"","meta":[],"product_brand":[],"product_cat":[27],"product_tag":[264,191,259,263,261,253,268,260,265,267,255,256,257,254,251,266,269,262,270,209,271,258,238,51],"class_list":{"0":"post-1163","1":"product","2":"type-product","3":"status-publish","4":"has-post-thumbnail","6":"product_cat-hilo-estampado","7":"product_tag-hilo-botanico-verde","8":"product_tag-hilo-estampado","9":"product_tag-hilo-estampado-botanico","10":"product_tag-hilo-estampado-verde","11":"product_tag-hilo-follaje","12":"product_tag-hilo-fondo-claro","13":"product_tag-hilo-fresco","14":"product_tag-hilo-hojas","15":"product_tag-hilo-naturaleza","16":"product_tag-hilo-organico","17":"product_tag-hilo-para-blusas","18":"product_tag-hilo-para-camisas","19":"product_tag-hilo-para-moda-femenina","20":"product_tag-hilo-para-vestidos","21":"product_tag-hilo-primavera","22":"product_tag-hilo-vegetal","23":"product_tag-hilo-verano","24":"product_tag-hilo-verde","25":"product_tag-tela-botanica","26":"product_tag-tela-estampada","27":"product_tag-tela-floral-verde","28":"product_tag-telas-diseno-exclusivo","29":"product_tag-telas-importadas","30":"product_tag-telas-para-confeccion","32":"first","33":"instock","34":"shipping-taxable","35":"purchasable","36":"product-type-simple"},"jetpack_sharing_enabled":true,"_links":{"self":[{"href":"https:\/\/lasederia.com.py\/en\/wp-json\/wp\/v2\/product\/1163","targetHints":{"allow":["GET"]}}],"collection":[{"href":"https:\/\/lasederia.com.py\/en\/wp-json\/wp\/v2\/product"}],"about":[{"href":"https:\/\/lasederia.com.py\/en\/wp-json\/wp\/v2\/types\/product"}],"replies":[{"embeddable":true,"href":"https:\/\/lasederia.com.py\/en\/wp-json\/wp\/v2\/comments?post=1163"}],"wp:featuredmedia":[{"embeddable":true,"href":"https:\/\/lasederia.com.py\/en\/wp-json\/wp\/v2\/media\/1165"}],"wp:attachment":[{"href":"https:\/\/lasederia.com.py\/en\/wp-json\/wp\/v2\/media?parent=1163"}],"wp:term":[{"taxonomy":"product_brand","embeddable":true,"href":"https:\/\/lasederia.com.py\/en\/wp-json\/wp\/v2\/product_brand?post=1163"},{"taxonomy":"product_cat","embeddable":true,"href":"https:\/\/lasederia.com.py\/en\/wp-json\/wp\/v2\/product_cat?post=1163"},{"taxonomy":"product_tag","embeddable":true,"href":"https:\/\/lasederia.com.py\/en\/wp-json\/wp\/v2\/product_tag?post=1163"}],"curies":[{"name":"wp","href":"https:\/\/api.w.org\/{rel}","templated":true}]}}