{"id":1158,"date":"2026-02-09T21:30:25","date_gmt":"2026-02-09T21:30:25","guid":{"rendered":"https:\/\/lasederia.com.py\/?post_type=product&#038;p=1158"},"modified":"2026-02-12T22:40:05","modified_gmt":"2026-02-12T22:40:05","slug":"hilo-estampado-blossom","status":"publish","type":"product","link":"https:\/\/lasederia.com.py\/en\/product\/hilo-estampado-blossom\/","title":{"rendered":"Hilo Estampado Blossom"},"content":{"rendered":"<p>Hilo Estampado Blossom, con dise\u00f1o floral tipo cherry blossom en estilo acuarela. Presenta flores blancas delicadas con ramas org\u00e1nicas en tonos gris, azul suave y matices crema, logrando una estampa et\u00e9rea, elegante y atemporal.<\/p>","protected":false},"excerpt":{"rendered":"<p>Hilo Estampado Blossom, con dise\u00f1o floral tipo cherry blossom en estilo acuarela. Presenta flores blancas delicadas con ramas org\u00e1nicas en tonos gris, azul suave y matices crema, logrando una estampa et\u00e9rea, elegante y atemporal.<\/p>","protected":false},"featured_media":1159,"comment_status":"open","ping_status":"closed","template":"","meta":[],"product_brand":[],"product_cat":[27],"product_tag":[243,195,248,246,250,191,242,245,244,247,253,255,256,257,254,251,249,252,209,216,230,258,238,51],"class_list":{"0":"post-1158","1":"product","2":"type-product","3":"status-publish","4":"has-post-thumbnail","6":"product_cat-hilo-estampado","7":"product_tag-hilo-acuarela","8":"product_tag-hilo-artistico","9":"product_tag-hilo-botanico","10":"product_tag-hilo-cherry-blossom","11":"product_tag-hilo-delicado","12":"product_tag-hilo-estampado","13":"product_tag-hilo-estampado-floral","14":"product_tag-hilo-estampado-flores","15":"product_tag-hilo-floral-acuarela","16":"product_tag-hilo-flores-blancas","17":"product_tag-hilo-fondo-claro","18":"product_tag-hilo-para-blusas","19":"product_tag-hilo-para-camisas","20":"product_tag-hilo-para-moda-femenina","21":"product_tag-hilo-para-vestidos","22":"product_tag-hilo-primavera","23":"product_tag-hilo-romantico","24":"product_tag-hilo-tonos-suaves","25":"product_tag-tela-estampada","26":"product_tag-tela-floral","27":"product_tag-tela-liviana","28":"product_tag-telas-diseno-exclusivo","29":"product_tag-telas-importadas","30":"product_tag-telas-para-confeccion","32":"first","33":"instock","34":"shipping-taxable","35":"purchasable","36":"product-type-simple"},"jetpack_sharing_enabled":true,"_links":{"self":[{"href":"https:\/\/lasederia.com.py\/en\/wp-json\/wp\/v2\/product\/1158","targetHints":{"allow":["GET"]}}],"collection":[{"href":"https:\/\/lasederia.com.py\/en\/wp-json\/wp\/v2\/product"}],"about":[{"href":"https:\/\/lasederia.com.py\/en\/wp-json\/wp\/v2\/types\/product"}],"replies":[{"embeddable":true,"href":"https:\/\/lasederia.com.py\/en\/wp-json\/wp\/v2\/comments?post=1158"}],"wp:featuredmedia":[{"embeddable":true,"href":"https:\/\/lasederia.com.py\/en\/wp-json\/wp\/v2\/media\/1159"}],"wp:attachment":[{"href":"https:\/\/lasederia.com.py\/en\/wp-json\/wp\/v2\/media?parent=1158"}],"wp:term":[{"taxonomy":"product_brand","embeddable":true,"href":"https:\/\/lasederia.com.py\/en\/wp-json\/wp\/v2\/product_brand?post=1158"},{"taxonomy":"product_cat","embeddable":true,"href":"https:\/\/lasederia.com.py\/en\/wp-json\/wp\/v2\/product_cat?post=1158"},{"taxonomy":"product_tag","embeddable":true,"href":"https:\/\/lasederia.com.py\/en\/wp-json\/wp\/v2\/product_tag?post=1158"}],"curies":[{"name":"wp","href":"https:\/\/api.w.org\/{rel}","templated":true}]}}