{"id":1153,"date":"2026-02-09T21:26:53","date_gmt":"2026-02-09T21:26:53","guid":{"rendered":"https:\/\/lasederia.com.py\/?post_type=product&#038;p=1153"},"modified":"2026-02-12T22:38:56","modified_gmt":"2026-02-12T22:38:56","slug":"hilo-estampado-watercolor-floral","status":"publish","type":"product","link":"https:\/\/lasederia.com.py\/en\/product\/hilo-estampado-watercolor-floral\/","title":{"rendered":"Hilo Estampado Watercolor Floral"},"content":{"rendered":"<p>Hilo Estampado Watercolor Floral, con dise\u00f1o floral bot\u00e1nico en efecto acuarela sobre fondo claro. La estampa combina ramas org\u00e1nicas, hojas verdes y flores peque\u00f1as en tonos tierra, azul y mostaza, logrando un look delicado, fresco y art\u00edstico.<\/p>","protected":false},"excerpt":{"rendered":"<p>Hilo Estampado Watercolor Floral, con dise\u00f1o floral bot\u00e1nico en efecto acuarela sobre fondo claro. La estampa combina ramas org\u00e1nicas, hojas verdes y flores peque\u00f1as en tonos tierra, azul y mostaza, logrando un look delicado, fresco y art\u00edstico.<\/p>","protected":false},"featured_media":1154,"comment_status":"open","ping_status":"closed","template":"","meta":[],"product_brand":[],"product_cat":[27],"product_tag":[241,222,225,224,226,227,228,218,217,221,219,191,208,223,215,214,213,210,232,209,216,211,230,231,234,235,237,236,233,212,240,239,238,62,94,229,220],"class_list":{"0":"post-1153","1":"product","2":"type-product","3":"status-publish","4":"has-post-thumbnail","6":"product_cat-hilo-estampado","7":"product_tag-asuncion-paraguay","8":"product_tag-botanical-print","9":"product_tag-colores-pasteles","10":"product_tag-colores-suaves","11":"product_tag-diseno-organico","12":"product_tag-diseno-pictorico","13":"product_tag-efecto-acuarela","14":"product_tag-estampa-botanica","15":"product_tag-estampa-floral","16":"product_tag-floral-print","17":"product_tag-flores-acuarela","18":"product_tag-hilo-estampado","19":"product_tag-hilos-estampados","20":"product_tag-multicolor","21":"product_tag-tela-abstracta","22":"product_tag-tela-artistica","23":"product_tag-tela-con-diseno","24":"product_tag-tela-con-estampa","25":"product_tag-tela-diseno-autor","26":"product_tag-tela-estampada","27":"product_tag-tela-floral","28":"product_tag-tela-impresa","29":"product_tag-tela-liviana","30":"product_tag-tela-moda","31":"product_tag-tela-para-blusas","32":"product_tag-tela-para-camisas","33":"product_tag-tela-para-confeccion","34":"product_tag-tela-para-faldas","35":"product_tag-tela-para-vestidos","36":"product_tag-tela-sublimada","37":"product_tag-telas-asuncion","38":"product_tag-telas-de-diseno","39":"product_tag-telas-importadas","40":"product_tag-telas-paraguay","41":"product_tag-telas-premium","42":"product_tag-textura-artistica","43":"product_tag-watercolor-print","45":"first","46":"instock","47":"shipping-taxable","48":"purchasable","49":"product-type-simple"},"jetpack_sharing_enabled":true,"_links":{"self":[{"href":"https:\/\/lasederia.com.py\/en\/wp-json\/wp\/v2\/product\/1153","targetHints":{"allow":["GET"]}}],"collection":[{"href":"https:\/\/lasederia.com.py\/en\/wp-json\/wp\/v2\/product"}],"about":[{"href":"https:\/\/lasederia.com.py\/en\/wp-json\/wp\/v2\/types\/product"}],"replies":[{"embeddable":true,"href":"https:\/\/lasederia.com.py\/en\/wp-json\/wp\/v2\/comments?post=1153"}],"wp:featuredmedia":[{"embeddable":true,"href":"https:\/\/lasederia.com.py\/en\/wp-json\/wp\/v2\/media\/1154"}],"wp:attachment":[{"href":"https:\/\/lasederia.com.py\/en\/wp-json\/wp\/v2\/media?parent=1153"}],"wp:term":[{"taxonomy":"product_brand","embeddable":true,"href":"https:\/\/lasederia.com.py\/en\/wp-json\/wp\/v2\/product_brand?post=1153"},{"taxonomy":"product_cat","embeddable":true,"href":"https:\/\/lasederia.com.py\/en\/wp-json\/wp\/v2\/product_cat?post=1153"},{"taxonomy":"product_tag","embeddable":true,"href":"https:\/\/lasederia.com.py\/en\/wp-json\/wp\/v2\/product_tag?post=1153"}],"curies":[{"name":"wp","href":"https:\/\/api.w.org\/{rel}","templated":true}]}}