{"id":1147,"date":"2026-02-09T21:23:04","date_gmt":"2026-02-09T21:23:04","guid":{"rendered":"https:\/\/lasederia.com.py\/?post_type=product&#038;p=1147"},"modified":"2026-02-12T22:38:28","modified_gmt":"2026-02-12T22:38:28","slug":"hilo-estampado-abstract-bloom","status":"publish","type":"product","link":"https:\/\/lasederia.com.py\/en\/product\/hilo-estampado-abstract-bloom\/","title":{"rendered":"Hilo Estampado Abstract Bloom"},"content":{"rendered":"<p data-start=\"224\" data-end=\"257\">Hilo Estampado Abstract Bloom. Dise\u00f1o abstracto multicolor, inspirado en pinceladas y texturas pict\u00f3ricas. Presenta una combinaci\u00f3n arm\u00f3nica de tonos azules, verdes, celestes, rosados y neutros, logrando un efecto visual org\u00e1nico y din\u00e1mico.<\/p>\n<p data-start=\"259\" data-end=\"326\">","protected":false},"excerpt":{"rendered":"<p>Hilo Estampado Abstract Bloom. Dise\u00f1o abstracto multicolor, inspirado en pinceladas y texturas pict\u00f3ricas. Presenta una combinaci\u00f3n arm\u00f3nica de tonos azules, verdes, celestes, rosados y neutros, logrando un efecto visual org\u00e1nico y din\u00e1mico.<\/p>","protected":false},"featured_media":1149,"comment_status":"open","ping_status":"closed","template":"","meta":[],"product_brand":[],"product_cat":[27],"product_tag":[199,200,206,201,205,197,195,198,192,191,196,193,194,207,203,202,204],"class_list":{"0":"post-1147","1":"product","2":"type-product","3":"status-publish","4":"has-post-thumbnail","6":"product_cat-hilo-estampado","7":"product_tag-bordado-artistico","8":"product_tag-costura-creativa","9":"product_tag-detalles-decorativos","10":"product_tag-diseno-abstracto","11":"product_tag-diseno-independiente","12":"product_tag-hilo-abstracto","13":"product_tag-hilo-artistico","14":"product_tag-hilo-creativo","15":"product_tag-hilo-decorativo","16":"product_tag-hilo-estampado","17":"product_tag-hilo-multicolor","18":"product_tag-hilo-para-bordado","19":"product_tag-hilo-para-costura","20":"product_tag-hilo-premium","21":"product_tag-inspiracion-artistica","22":"product_tag-patron-pictorico","23":"product_tag-proyectos-artesanales","25":"first","26":"instock","27":"shipping-taxable","28":"purchasable","29":"product-type-simple"},"jetpack_sharing_enabled":true,"_links":{"self":[{"href":"https:\/\/lasederia.com.py\/en\/wp-json\/wp\/v2\/product\/1147","targetHints":{"allow":["GET"]}}],"collection":[{"href":"https:\/\/lasederia.com.py\/en\/wp-json\/wp\/v2\/product"}],"about":[{"href":"https:\/\/lasederia.com.py\/en\/wp-json\/wp\/v2\/types\/product"}],"replies":[{"embeddable":true,"href":"https:\/\/lasederia.com.py\/en\/wp-json\/wp\/v2\/comments?post=1147"}],"wp:featuredmedia":[{"embeddable":true,"href":"https:\/\/lasederia.com.py\/en\/wp-json\/wp\/v2\/media\/1149"}],"wp:attachment":[{"href":"https:\/\/lasederia.com.py\/en\/wp-json\/wp\/v2\/media?parent=1147"}],"wp:term":[{"taxonomy":"product_brand","embeddable":true,"href":"https:\/\/lasederia.com.py\/en\/wp-json\/wp\/v2\/product_brand?post=1147"},{"taxonomy":"product_cat","embeddable":true,"href":"https:\/\/lasederia.com.py\/en\/wp-json\/wp\/v2\/product_cat?post=1147"},{"taxonomy":"product_tag","embeddable":true,"href":"https:\/\/lasederia.com.py\/en\/wp-json\/wp\/v2\/product_tag?post=1147"}],"curies":[{"name":"wp","href":"https:\/\/api.w.org\/{rel}","templated":true}]}}