{"id":1136,"date":"2026-02-09T21:02:44","date_gmt":"2026-02-09T21:02:44","guid":{"rendered":"https:\/\/lasederia.com.py\/?post_type=product&#038;p=1136"},"modified":"2026-02-12T22:37:53","modified_gmt":"2026-02-12T22:37:53","slug":"broderie-negro-con-guarda","status":"publish","type":"product","link":"https:\/\/lasederia.com.py\/en\/product\/broderie-negro-con-guarda\/","title":{"rendered":"Broderie Negro con Guarda"},"content":{"rendered":"<p>Broderie Negro con Guarda, de algod\u00f3n en tono negro profundo, con dise\u00f1o liso en el cuerpo de la tela y una guarda inferior bordada con motivos circulares calados y terminaci\u00f3n festoneada. La combinaci\u00f3n de superficie limpia y detalle ornamental aporta una est\u00e9tica sofisticada, equilibrando minimalismo y trabajo artesanal.<\/p>","protected":false},"excerpt":{"rendered":"<p>Broderie Negro con Guarda, de algod\u00f3n en tono negro profundo, con dise\u00f1o liso en el cuerpo de la tela y una guarda inferior bordada con motivos circulares calados y terminaci\u00f3n festoneada. La combinaci\u00f3n de superficie limpia y detalle ornamental aporta una est\u00e9tica sofisticada, equilibrando minimalismo y trabajo artesanal.<\/p>","protected":false},"featured_media":1138,"comment_status":"open","ping_status":"closed","template":"","meta":[],"product_brand":[],"product_cat":[134],"product_tag":[178,37,38,39,138,177,153,157,143,147,188,139,144,149,187,190,189],"class_list":{"0":"post-1136","1":"product","2":"type-product","3":"status-publish","4":"has-post-thumbnail","6":"product_cat-broderie-colores","7":"product_tag-black","8":"product_tag-broderie","9":"product_tag-broderie-algodon","10":"product_tag-broderie-bordado","11":"product_tag-broderie-calado","12":"product_tag-broderie-negro","13":"product_tag-con-guarda","14":"product_tag-diseno-clasico","15":"product_tag-eyelet","16":"product_tag-faldas","17":"product_tag-guarda-festoneada","18":"product_tag-medallon","19":"product_tag-moda-femenina","20":"product_tag-premium","21":"product_tag-scallop","22":"product_tag-tunicas","23":"product_tag-vestidos-largos","25":"first","26":"instock","27":"shipping-taxable","28":"purchasable","29":"product-type-simple"},"jetpack_sharing_enabled":true,"_links":{"self":[{"href":"https:\/\/lasederia.com.py\/en\/wp-json\/wp\/v2\/product\/1136","targetHints":{"allow":["GET"]}}],"collection":[{"href":"https:\/\/lasederia.com.py\/en\/wp-json\/wp\/v2\/product"}],"about":[{"href":"https:\/\/lasederia.com.py\/en\/wp-json\/wp\/v2\/types\/product"}],"replies":[{"embeddable":true,"href":"https:\/\/lasederia.com.py\/en\/wp-json\/wp\/v2\/comments?post=1136"}],"wp:featuredmedia":[{"embeddable":true,"href":"https:\/\/lasederia.com.py\/en\/wp-json\/wp\/v2\/media\/1138"}],"wp:attachment":[{"href":"https:\/\/lasederia.com.py\/en\/wp-json\/wp\/v2\/media?parent=1136"}],"wp:term":[{"taxonomy":"product_brand","embeddable":true,"href":"https:\/\/lasederia.com.py\/en\/wp-json\/wp\/v2\/product_brand?post=1136"},{"taxonomy":"product_cat","embeddable":true,"href":"https:\/\/lasederia.com.py\/en\/wp-json\/wp\/v2\/product_cat?post=1136"},{"taxonomy":"product_tag","embeddable":true,"href":"https:\/\/lasederia.com.py\/en\/wp-json\/wp\/v2\/product_tag?post=1136"}],"curies":[{"name":"wp","href":"https:\/\/api.w.org\/{rel}","templated":true}]}}