{"id":1131,"date":"2026-02-09T21:00:26","date_gmt":"2026-02-09T21:00:26","guid":{"rendered":"https:\/\/lasederia.com.py\/?post_type=product&#038;p=1131"},"modified":"2026-02-12T22:37:38","modified_gmt":"2026-02-12T22:37:38","slug":"broderie-black-sun","status":"publish","type":"product","link":"https:\/\/lasederia.com.py\/en\/product\/broderie-black-sun\/","title":{"rendered":"Broderie Black Sun"},"content":{"rendered":"<p>Broderie Black Sun, de algod\u00f3n en tono negro profundo, con dise\u00f1o de c\u00edrculos calados bordados tipo sol, que aportan textura y movimiento al tejido.<\/p>","protected":false},"excerpt":{"rendered":"<p>Broderie Black Sun, de algod\u00f3n en tono negro profundo, con dise\u00f1o de c\u00edrculos calados bordados tipo sol, que aportan textura y movimiento al tejido.<\/p>","protected":false},"featured_media":1135,"comment_status":"open","ping_status":"closed","template":"","meta":[],"product_brand":[],"product_cat":[134],"product_tag":[178,146,37,38,39,138,177,184,157,148,143,147,144,185,186,145],"class_list":{"0":"post-1131","1":"product","2":"type-product","3":"status-publish","4":"has-post-thumbnail","6":"product_cat-broderie-colores","7":"product_tag-black","8":"product_tag-blusas","9":"product_tag-broderie","10":"product_tag-broderie-algodon","11":"product_tag-broderie-bordado","12":"product_tag-broderie-calado","13":"product_tag-broderie-negro","14":"product_tag-circulos-bordados","15":"product_tag-diseno-clasico","16":"product_tag-elegante","17":"product_tag-eyelet","18":"product_tag-faldas","19":"product_tag-moda-femenina","20":"product_tag-patron-floral","21":"product_tag-sun-pattern","22":"product_tag-vestidos","24":"first","25":"instock","26":"shipping-taxable","27":"purchasable","28":"product-type-simple"},"jetpack_sharing_enabled":true,"_links":{"self":[{"href":"https:\/\/lasederia.com.py\/en\/wp-json\/wp\/v2\/product\/1131","targetHints":{"allow":["GET"]}}],"collection":[{"href":"https:\/\/lasederia.com.py\/en\/wp-json\/wp\/v2\/product"}],"about":[{"href":"https:\/\/lasederia.com.py\/en\/wp-json\/wp\/v2\/types\/product"}],"replies":[{"embeddable":true,"href":"https:\/\/lasederia.com.py\/en\/wp-json\/wp\/v2\/comments?post=1131"}],"wp:featuredmedia":[{"embeddable":true,"href":"https:\/\/lasederia.com.py\/en\/wp-json\/wp\/v2\/media\/1135"}],"wp:attachment":[{"href":"https:\/\/lasederia.com.py\/en\/wp-json\/wp\/v2\/media?parent=1131"}],"wp:term":[{"taxonomy":"product_brand","embeddable":true,"href":"https:\/\/lasederia.com.py\/en\/wp-json\/wp\/v2\/product_brand?post=1131"},{"taxonomy":"product_cat","embeddable":true,"href":"https:\/\/lasederia.com.py\/en\/wp-json\/wp\/v2\/product_cat?post=1131"},{"taxonomy":"product_tag","embeddable":true,"href":"https:\/\/lasederia.com.py\/en\/wp-json\/wp\/v2\/product_tag?post=1131"}],"curies":[{"name":"wp","href":"https:\/\/api.w.org\/{rel}","templated":true}]}}