{"id":1125,"date":"2026-02-09T20:57:50","date_gmt":"2026-02-09T20:57:50","guid":{"rendered":"https:\/\/lasederia.com.py\/?post_type=product&#038;p=1125"},"modified":"2026-02-12T22:36:10","modified_gmt":"2026-02-12T22:36:10","slug":"broderie-black-eyelet","status":"publish","type":"product","link":"https:\/\/lasederia.com.py\/en\/product\/broderie-black-eyelet\/","title":{"rendered":"Broderie Black Eyelet"},"content":{"rendered":"<p data-start=\"137\" data-end=\"162\">Broderie Black Eyelet, de algod\u00f3n en tono negro profundo, con dise\u00f1o uniforme de c\u00edrculos calados tipo eyelet bordados. Su patr\u00f3n regular y marcado crea un efecto gr\u00e1fico contempor\u00e1neo.<\/p>","protected":false},"excerpt":{"rendered":"<p>Broderie Black Eyelet, de algod\u00f3n en tono negro profundo, con dise\u00f1o uniforme de c\u00edrculos calados tipo eyelet bordados. Su patr\u00f3n regular y marcado crea un efecto gr\u00e1fico contempor\u00e1neo.<\/p>","protected":false},"featured_media":1128,"comment_status":"open","ping_status":"closed","template":"","meta":[],"product_brand":[],"product_cat":[134],"product_tag":[178,37,38,39,138,177,179,182,143,147,144,180,159,149,181,183,145],"class_list":{"0":"post-1125","1":"product","2":"type-product","3":"status-publish","4":"has-post-thumbnail","6":"product_cat-broderie-colores","7":"product_tag-black","8":"product_tag-broderie","9":"product_tag-broderie-algodon","10":"product_tag-broderie-bordado","11":"product_tag-broderie-calado","12":"product_tag-broderie-negro","13":"product_tag-circulos-pequenos","14":"product_tag-diseno-minimal","15":"product_tag-eyelet","16":"product_tag-faldas","17":"product_tag-moda-femenina","18":"product_tag-patron-moderno","19":"product_tag-patron-regular","20":"product_tag-premium","21":"product_tag-tops","22":"product_tag-urbano","23":"product_tag-vestidos","25":"first","26":"instock","27":"shipping-taxable","28":"purchasable","29":"product-type-simple"},"jetpack_sharing_enabled":true,"_links":{"self":[{"href":"https:\/\/lasederia.com.py\/en\/wp-json\/wp\/v2\/product\/1125","targetHints":{"allow":["GET"]}}],"collection":[{"href":"https:\/\/lasederia.com.py\/en\/wp-json\/wp\/v2\/product"}],"about":[{"href":"https:\/\/lasederia.com.py\/en\/wp-json\/wp\/v2\/types\/product"}],"replies":[{"embeddable":true,"href":"https:\/\/lasederia.com.py\/en\/wp-json\/wp\/v2\/comments?post=1125"}],"wp:featuredmedia":[{"embeddable":true,"href":"https:\/\/lasederia.com.py\/en\/wp-json\/wp\/v2\/media\/1128"}],"wp:attachment":[{"href":"https:\/\/lasederia.com.py\/en\/wp-json\/wp\/v2\/media?parent=1125"}],"wp:term":[{"taxonomy":"product_brand","embeddable":true,"href":"https:\/\/lasederia.com.py\/en\/wp-json\/wp\/v2\/product_brand?post=1125"},{"taxonomy":"product_cat","embeddable":true,"href":"https:\/\/lasederia.com.py\/en\/wp-json\/wp\/v2\/product_cat?post=1125"},{"taxonomy":"product_tag","embeddable":true,"href":"https:\/\/lasederia.com.py\/en\/wp-json\/wp\/v2\/product_tag?post=1125"}],"curies":[{"name":"wp","href":"https:\/\/api.w.org\/{rel}","templated":true}]}}