{"id":1120,"date":"2026-02-09T20:54:06","date_gmt":"2026-02-09T20:54:06","guid":{"rendered":"https:\/\/lasederia.com.py\/?post_type=product&#038;p=1120"},"modified":"2026-02-12T22:35:47","modified_gmt":"2026-02-12T22:35:47","slug":"broderie-stone-clasico","status":"publish","type":"product","link":"https:\/\/lasederia.com.py\/en\/product\/broderie-stone-clasico\/","title":{"rendered":"Broderie Stone Cl\u00e1sico"},"content":{"rendered":"<p>Broderie Stone Cl\u00e1sico, de algod\u00f3n en tono stone \/ gris c\u00e1lido, con dise\u00f1o geom\u00e9trico de c\u00edrculos bordados y delicados detalles calados. Su paleta neutra y su patr\u00f3n equilibrado aportan una est\u00e9tica sofisticada, serena y atemporal.<\/p>","protected":false},"excerpt":{"rendered":"<p>Broderie Stone Cl\u00e1sico, de algod\u00f3n en tono stone \/ gris c\u00e1lido, con dise\u00f1o geom\u00e9trico de c\u00edrculos bordados y delicados detalles calados. Su paleta neutra y su patr\u00f3n equilibrado aportan una est\u00e9tica sofisticada, serena y atemporal.<\/p>","protected":false},"featured_media":1122,"comment_status":"open","ping_status":"closed","template":"","meta":[],"product_brand":[],"product_cat":[134],"product_tag":[146,37,38,39,138,171,140,163,143,172,139,144,174,173,141,175,176,145],"class_list":{"0":"post-1120","1":"product","2":"type-product","3":"status-publish","4":"has-post-thumbnail","6":"product_cat-broderie-colores","7":"product_tag-blusas","8":"product_tag-broderie","9":"product_tag-broderie-algodon","10":"product_tag-broderie-bordado","11":"product_tag-broderie-calado","12":"product_tag-broderie-stone","13":"product_tag-circulos","14":"product_tag-diseno-atemporal","15":"product_tag-eyelet","16":"product_tag-gris","17":"product_tag-medallon","18":"product_tag-moda-femenina","19":"product_tag-natural","20":"product_tag-neutral","21":"product_tag-patron-clasico","22":"product_tag-patron-elegante","23":"product_tag-prendas-ceremonia","24":"product_tag-vestidos","26":"first","27":"instock","28":"shipping-taxable","29":"purchasable","30":"product-type-simple"},"jetpack_sharing_enabled":true,"_links":{"self":[{"href":"https:\/\/lasederia.com.py\/en\/wp-json\/wp\/v2\/product\/1120","targetHints":{"allow":["GET"]}}],"collection":[{"href":"https:\/\/lasederia.com.py\/en\/wp-json\/wp\/v2\/product"}],"about":[{"href":"https:\/\/lasederia.com.py\/en\/wp-json\/wp\/v2\/types\/product"}],"replies":[{"embeddable":true,"href":"https:\/\/lasederia.com.py\/en\/wp-json\/wp\/v2\/comments?post=1120"}],"wp:featuredmedia":[{"embeddable":true,"href":"https:\/\/lasederia.com.py\/en\/wp-json\/wp\/v2\/media\/1122"}],"wp:attachment":[{"href":"https:\/\/lasederia.com.py\/en\/wp-json\/wp\/v2\/media?parent=1120"}],"wp:term":[{"taxonomy":"product_brand","embeddable":true,"href":"https:\/\/lasederia.com.py\/en\/wp-json\/wp\/v2\/product_brand?post=1120"},{"taxonomy":"product_cat","embeddable":true,"href":"https:\/\/lasederia.com.py\/en\/wp-json\/wp\/v2\/product_cat?post=1120"},{"taxonomy":"product_tag","embeddable":true,"href":"https:\/\/lasederia.com.py\/en\/wp-json\/wp\/v2\/product_tag?post=1120"}],"curies":[{"name":"wp","href":"https:\/\/api.w.org\/{rel}","templated":true}]}}