{"id":1115,"date":"2026-02-09T20:51:08","date_gmt":"2026-02-09T20:51:08","guid":{"rendered":"https:\/\/lasederia.com.py\/?post_type=product&#038;p=1115"},"modified":"2026-02-12T22:35:28","modified_gmt":"2026-02-12T22:35:28","slug":"broderie-aqua-clasico","status":"publish","type":"product","link":"https:\/\/lasederia.com.py\/en\/product\/broderie-aqua-clasico\/","title":{"rendered":"Broderie Aqua Cl\u00e1sico"},"content":{"rendered":"<p>Broderie Aqua Cl\u00e1sico, de algod\u00f3n en tono aqua vibrante, con dise\u00f1o geom\u00e9trico de c\u00edrculos bordados y detalles calados que aportan profundidad y delicadeza. Su patr\u00f3n regular combina lo artesanal con una est\u00e9tica fresca y moderna.<\/p>","protected":false},"excerpt":{"rendered":"<p>Broderie Aqua Cl\u00e1sico, de algod\u00f3n en tono aqua vibrante, con dise\u00f1o geom\u00e9trico de c\u00edrculos bordados y detalles calados que aportan profundidad y delicadeza. Su patr\u00f3n regular combina lo artesanal con una est\u00e9tica fresca y moderna.<\/p>","protected":false},"featured_media":1117,"comment_status":"open","ping_status":"closed","template":"","meta":[],"product_brand":[],"product_cat":[134],"product_tag":[165,146,37,38,164,39,138,167,140,143,147,139,144,142,169,166,170,168],"class_list":{"0":"post-1115","1":"product","2":"type-product","3":"status-publish","4":"has-post-thumbnail","6":"product_cat-broderie-colores","7":"product_tag-aqua","8":"product_tag-blusas","9":"product_tag-broderie","10":"product_tag-broderie-algodon","11":"product_tag-broderie-aqua","12":"product_tag-broderie-bordado","13":"product_tag-broderie-calado","14":"product_tag-celeste","15":"product_tag-circulos","16":"product_tag-eyelet","17":"product_tag-faldas","18":"product_tag-medallon","19":"product_tag-moda-femenina","20":"product_tag-patron-geometrico","21":"product_tag-telas-frescas","22":"product_tag-turquesa","23":"product_tag-verano","24":"product_tag-vestidos-verano","26":"first","27":"instock","28":"shipping-taxable","29":"purchasable","30":"product-type-simple"},"jetpack_sharing_enabled":true,"_links":{"self":[{"href":"https:\/\/lasederia.com.py\/en\/wp-json\/wp\/v2\/product\/1115","targetHints":{"allow":["GET"]}}],"collection":[{"href":"https:\/\/lasederia.com.py\/en\/wp-json\/wp\/v2\/product"}],"about":[{"href":"https:\/\/lasederia.com.py\/en\/wp-json\/wp\/v2\/types\/product"}],"replies":[{"embeddable":true,"href":"https:\/\/lasederia.com.py\/en\/wp-json\/wp\/v2\/comments?post=1115"}],"wp:featuredmedia":[{"embeddable":true,"href":"https:\/\/lasederia.com.py\/en\/wp-json\/wp\/v2\/media\/1117"}],"wp:attachment":[{"href":"https:\/\/lasederia.com.py\/en\/wp-json\/wp\/v2\/media?parent=1115"}],"wp:term":[{"taxonomy":"product_brand","embeddable":true,"href":"https:\/\/lasederia.com.py\/en\/wp-json\/wp\/v2\/product_brand?post=1115"},{"taxonomy":"product_cat","embeddable":true,"href":"https:\/\/lasederia.com.py\/en\/wp-json\/wp\/v2\/product_cat?post=1115"},{"taxonomy":"product_tag","embeddable":true,"href":"https:\/\/lasederia.com.py\/en\/wp-json\/wp\/v2\/product_tag?post=1115"}],"curies":[{"name":"wp","href":"https:\/\/api.w.org\/{rel}","templated":true}]}}