{"id":1110,"date":"2026-02-09T20:48:05","date_gmt":"2026-02-09T20:48:05","guid":{"rendered":"https:\/\/lasederia.com.py\/?post_type=product&#038;p=1110"},"modified":"2026-02-12T22:35:03","modified_gmt":"2026-02-12T22:35:03","slug":"broderie-navy-oval","status":"publish","type":"product","link":"https:\/\/lasederia.com.py\/en\/product\/broderie-navy-oval\/","title":{"rendered":"Broderie Navy Oval"},"content":{"rendered":"<p>Broderie Navy Oval, de algod\u00f3n en tono azul navy profundo, con dise\u00f1o geom\u00e9trico de \u00f3valos bordados y calados regulares. Su patr\u00f3n limpio y repetitivo aporta una est\u00e9tica moderna y atemporal, manteniendo el car\u00e1cter artesanal del broderie cl\u00e1sico.<\/p>","protected":false},"excerpt":{"rendered":"<p>Broderie Navy Oval, de algod\u00f3n en tono azul navy profundo, con dise\u00f1o geom\u00e9trico de \u00f3valos bordados y calados regulares. Su patr\u00f3n limpio y repetitivo aporta una est\u00e9tica moderna y atemporal, manteniendo el car\u00e1cter artesanal del broderie cl\u00e1sico.<\/p>","protected":false},"featured_media":1112,"comment_status":"open","ping_status":"closed","template":"","meta":[],"product_brand":[],"product_cat":[134],"product_tag":[151,146,37,38,39,138,150,161,163,143,144,152,158,160,159,162,145],"class_list":{"0":"post-1110","1":"product","2":"type-product","3":"status-publish","4":"has-post-thumbnail","6":"product_cat-broderie-colores","7":"product_tag-azul-marino","8":"product_tag-blusas","9":"product_tag-broderie","10":"product_tag-broderie-algodon","11":"product_tag-broderie-bordado","12":"product_tag-broderie-calado","13":"product_tag-broderie-navy","14":"product_tag-camisas","15":"product_tag-diseno-atemporal","16":"product_tag-eyelet","17":"product_tag-moda-femenina","18":"product_tag-navy","19":"product_tag-ovalos","20":"product_tag-patron-minimal","21":"product_tag-patron-regular","22":"product_tag-sastreria-liviana","23":"product_tag-vestidos","25":"first","26":"instock","27":"shipping-taxable","28":"purchasable","29":"product-type-simple"},"jetpack_sharing_enabled":true,"_links":{"self":[{"href":"https:\/\/lasederia.com.py\/en\/wp-json\/wp\/v2\/product\/1110","targetHints":{"allow":["GET"]}}],"collection":[{"href":"https:\/\/lasederia.com.py\/en\/wp-json\/wp\/v2\/product"}],"about":[{"href":"https:\/\/lasederia.com.py\/en\/wp-json\/wp\/v2\/types\/product"}],"replies":[{"embeddable":true,"href":"https:\/\/lasederia.com.py\/en\/wp-json\/wp\/v2\/comments?post=1110"}],"wp:featuredmedia":[{"embeddable":true,"href":"https:\/\/lasederia.com.py\/en\/wp-json\/wp\/v2\/media\/1112"}],"wp:attachment":[{"href":"https:\/\/lasederia.com.py\/en\/wp-json\/wp\/v2\/media?parent=1110"}],"wp:term":[{"taxonomy":"product_brand","embeddable":true,"href":"https:\/\/lasederia.com.py\/en\/wp-json\/wp\/v2\/product_brand?post=1110"},{"taxonomy":"product_cat","embeddable":true,"href":"https:\/\/lasederia.com.py\/en\/wp-json\/wp\/v2\/product_cat?post=1110"},{"taxonomy":"product_tag","embeddable":true,"href":"https:\/\/lasederia.com.py\/en\/wp-json\/wp\/v2\/product_tag?post=1110"}],"curies":[{"name":"wp","href":"https:\/\/api.w.org\/{rel}","templated":true}]}}