{"id":1104,"date":"2026-02-09T20:44:19","date_gmt":"2026-02-09T20:44:19","guid":{"rendered":"https:\/\/lasederia.com.py\/?post_type=product&#038;p=1104"},"modified":"2026-02-12T22:34:24","modified_gmt":"2026-02-12T22:34:24","slug":"broderie-navy-rouge","status":"publish","type":"product","link":"https:\/\/lasederia.com.py\/en\/product\/broderie-navy-rouge\/","title":{"rendered":"Broderie Navy Rouge"},"content":{"rendered":"<p>Broderie Navy Rouge, de algod\u00f3n con base en tono azul navy y dise\u00f1o geom\u00e9trico continuo, combinado con guarda bordada en rojo intenso con motivos circulares tipo medall\u00f3n. El contraste de colores aporta car\u00e1cter y sofisticaci\u00f3n, logrando una est\u00e9tica cl\u00e1sica con un gui\u00f1o contempor\u00e1neo.<\/p>","protected":false},"excerpt":{"rendered":"<p>Broderie Navy Rouge, de algod\u00f3n con base en tono azul navy y dise\u00f1o geom\u00e9trico continuo, combinado con guarda bordada en rojo intenso con motivos circulares tipo medall\u00f3n. El contraste de colores aporta car\u00e1cter y sofisticaci\u00f3n, logrando una est\u00e9tica cl\u00e1sica con un gui\u00f1o contempor\u00e1neo.<\/p>","protected":false},"featured_media":1106,"comment_status":"open","ping_status":"closed","template":"","meta":[],"product_brand":[],"product_cat":[134],"product_tag":[151,146,37,38,39,138,150,153,155,157,156,154,139,144,152,142,149,145],"class_list":{"0":"post-1104","1":"product","2":"type-product","3":"status-publish","4":"has-post-thumbnail","6":"product_cat-broderie-colores","7":"product_tag-azul-marino","8":"product_tag-blusas","9":"product_tag-broderie","10":"product_tag-broderie-algodon","11":"product_tag-broderie-bordado","12":"product_tag-broderie-calado","13":"product_tag-broderie-navy","14":"product_tag-con-guarda","15":"product_tag-contraste","16":"product_tag-diseno-clasico","17":"product_tag-faldas-largas","18":"product_tag-guarda-bordada","19":"product_tag-medallon","20":"product_tag-moda-femenina","21":"product_tag-navy","22":"product_tag-patron-geometrico","23":"product_tag-premium","24":"product_tag-vestidos","26":"first","27":"instock","28":"shipping-taxable","29":"purchasable","30":"product-type-simple"},"jetpack_sharing_enabled":true,"_links":{"self":[{"href":"https:\/\/lasederia.com.py\/en\/wp-json\/wp\/v2\/product\/1104","targetHints":{"allow":["GET"]}}],"collection":[{"href":"https:\/\/lasederia.com.py\/en\/wp-json\/wp\/v2\/product"}],"about":[{"href":"https:\/\/lasederia.com.py\/en\/wp-json\/wp\/v2\/types\/product"}],"replies":[{"embeddable":true,"href":"https:\/\/lasederia.com.py\/en\/wp-json\/wp\/v2\/comments?post=1104"}],"wp:featuredmedia":[{"embeddable":true,"href":"https:\/\/lasederia.com.py\/en\/wp-json\/wp\/v2\/media\/1106"}],"wp:attachment":[{"href":"https:\/\/lasederia.com.py\/en\/wp-json\/wp\/v2\/media?parent=1104"}],"wp:term":[{"taxonomy":"product_brand","embeddable":true,"href":"https:\/\/lasederia.com.py\/en\/wp-json\/wp\/v2\/product_brand?post=1104"},{"taxonomy":"product_cat","embeddable":true,"href":"https:\/\/lasederia.com.py\/en\/wp-json\/wp\/v2\/product_cat?post=1104"},{"taxonomy":"product_tag","embeddable":true,"href":"https:\/\/lasederia.com.py\/en\/wp-json\/wp\/v2\/product_tag?post=1104"}],"curies":[{"name":"wp","href":"https:\/\/api.w.org\/{rel}","templated":true}]}}