{"id":1098,"date":"2026-02-09T20:31:10","date_gmt":"2026-02-09T20:31:10","guid":{"rendered":"https:\/\/lasederia.com.py\/?post_type=product&#038;p=1098"},"modified":"2026-02-12T22:33:58","modified_gmt":"2026-02-12T22:33:58","slug":"broderie-rouge-clasico","status":"publish","type":"product","link":"https:\/\/lasederia.com.py\/en\/product\/broderie-rouge-clasico\/","title":{"rendered":"Broderie Rouge Cl\u00e1sico"},"content":{"rendered":"<p>Broderie Rouge Cl\u00e1sico, de algod\u00f3n en tono rojo intenso, con dise\u00f1o geom\u00e9trico floral bordado y calado regular. Presenta un patr\u00f3n uniforme de c\u00edrculos con detalles perforados que aportan textura, frescura y una est\u00e9tica artesanal de alta calidad.<\/p>","protected":false},"excerpt":{"rendered":"<p>Broderie Rouge Cl\u00e1sico, de algod\u00f3n en tono rojo intenso, con dise\u00f1o geom\u00e9trico floral bordado y calado regular. Presenta un patr\u00f3n uniforme de c\u00edrculos con detalles perforados que aportan textura, frescura y una est\u00e9tica artesanal de alta calidad.<\/p>","protected":false},"featured_media":1101,"comment_status":"open","ping_status":"closed","template":"","meta":[],"product_brand":[],"product_cat":[134],"product_tag":[146,37,38,39,138,135,140,148,143,147,139,144,141,142,149,137,136,50,145],"class_list":{"0":"post-1098","1":"product","2":"type-product","3":"status-publish","4":"has-post-thumbnail","6":"product_cat-broderie-colores","7":"product_tag-blusas","8":"product_tag-broderie","9":"product_tag-broderie-algodon","10":"product_tag-broderie-bordado","11":"product_tag-broderie-calado","12":"product_tag-broderie-rojo","13":"product_tag-circulos","14":"product_tag-elegante","15":"product_tag-eyelet","16":"product_tag-faldas","17":"product_tag-medallon","18":"product_tag-moda-femenina","19":"product_tag-patron-clasico","20":"product_tag-patron-geometrico","21":"product_tag-premium","22":"product_tag-red","23":"product_tag-rojo","24":"product_tag-telas-de-verano","25":"product_tag-vestidos","27":"first","28":"instock","29":"shipping-taxable","30":"purchasable","31":"product-type-simple"},"jetpack_sharing_enabled":true,"_links":{"self":[{"href":"https:\/\/lasederia.com.py\/en\/wp-json\/wp\/v2\/product\/1098","targetHints":{"allow":["GET"]}}],"collection":[{"href":"https:\/\/lasederia.com.py\/en\/wp-json\/wp\/v2\/product"}],"about":[{"href":"https:\/\/lasederia.com.py\/en\/wp-json\/wp\/v2\/types\/product"}],"replies":[{"embeddable":true,"href":"https:\/\/lasederia.com.py\/en\/wp-json\/wp\/v2\/comments?post=1098"}],"wp:featuredmedia":[{"embeddable":true,"href":"https:\/\/lasederia.com.py\/en\/wp-json\/wp\/v2\/media\/1101"}],"wp:attachment":[{"href":"https:\/\/lasederia.com.py\/en\/wp-json\/wp\/v2\/media?parent=1098"}],"wp:term":[{"taxonomy":"product_brand","embeddable":true,"href":"https:\/\/lasederia.com.py\/en\/wp-json\/wp\/v2\/product_brand?post=1098"},{"taxonomy":"product_cat","embeddable":true,"href":"https:\/\/lasederia.com.py\/en\/wp-json\/wp\/v2\/product_cat?post=1098"},{"taxonomy":"product_tag","embeddable":true,"href":"https:\/\/lasederia.com.py\/en\/wp-json\/wp\/v2\/product_tag?post=1098"}],"curies":[{"name":"wp","href":"https:\/\/api.w.org\/{rel}","templated":true}]}}