{"id":1024,"date":"2026-01-27T22:42:47","date_gmt":"2026-01-27T22:42:47","guid":{"rendered":"https:\/\/lasederia.com.py\/?post_type=product&#038;p=1024"},"modified":"2026-04-20T20:16:49","modified_gmt":"2026-04-20T20:16:49","slug":"encaje-ondas","status":"publish","type":"product","link":"https:\/\/lasederia.com.py\/en\/product\/encaje-ondas\/","title":{"rendered":"Encaje Ondas"},"content":{"rendered":"<p>Encaje Ondas de dise\u00f1o abstracto con l\u00edneas ondulantes que recorren la superficie creando un efecto de movimiento continuo, inspirado en formas l\u00edquidas y org\u00e1nicas. La base de red fina aporta ligereza y transparencia, mientras que los trazos bordados generan contraste y profundidad.<\/p>","protected":false},"excerpt":{"rendered":"<p>Encaje Ondas de dise\u00f1o abstracto con l\u00edneas ondulantes que recorren la superficie creando un efecto de movimiento continuo, inspirado en formas l\u00edquidas y org\u00e1nicas. La base de red fina aporta ligereza y transparencia, mientras que los trazos bordados generan contraste y profundidad.<\/p>","protected":false},"featured_media":1027,"comment_status":"open","ping_status":"closed","template":"","meta":[],"product_brand":[],"product_cat":[885,19],"product_tag":[80,97,81,54,84,82,83,86,75,89,91,92,90,88,98,73,85,87,56,76,55,93,74,61,95,96,62,94,77],"class_list":{"0":"post-1024","1":"product","2":"type-product","3":"status-publish","4":"has-post-thumbnail","6":"product_cat-encaje-blanco","7":"product_cat-the-bridal-edit","8":"product_tag-encaje","9":"product_tag-encaje-asuncion","10":"product_tag-encaje-blanco","11":"product_tag-encaje-bordado","12":"product_tag-encaje-clasico","13":"product_tag-encaje-delicado","14":"product_tag-encaje-elegante","15":"product_tag-encaje-fino","16":"product_tag-encaje-floral","17":"product_tag-encaje-para-blusas","18":"product_tag-encaje-para-confeccion","19":"product_tag-encaje-para-diseno","20":"product_tag-encaje-para-moda-femenina","21":"product_tag-encaje-para-vestidos","22":"product_tag-encaje-paraguay","23":"product_tag-encaje-premium","24":"product_tag-encaje-romantico","25":"product_tag-encaje-textil","26":"product_tag-estilo-clasico","27":"product_tag-estilo-elegante","28":"product_tag-estilo-romantico","29":"product_tag-telas-de-encaje","30":"product_tag-telas-elegantes","31":"product_tag-telas-en-asuncion","32":"product_tag-telas-para-alta-costura","33":"product_tag-telas-para-ocasiones-especiales","34":"product_tag-telas-paraguay","35":"product_tag-telas-premium","36":"product_tag-textil-premium","38":"first","39":"instock","40":"shipping-taxable","41":"purchasable","42":"product-type-simple"},"jetpack_sharing_enabled":true,"_links":{"self":[{"href":"https:\/\/lasederia.com.py\/en\/wp-json\/wp\/v2\/product\/1024","targetHints":{"allow":["GET"]}}],"collection":[{"href":"https:\/\/lasederia.com.py\/en\/wp-json\/wp\/v2\/product"}],"about":[{"href":"https:\/\/lasederia.com.py\/en\/wp-json\/wp\/v2\/types\/product"}],"replies":[{"embeddable":true,"href":"https:\/\/lasederia.com.py\/en\/wp-json\/wp\/v2\/comments?post=1024"}],"wp:featuredmedia":[{"embeddable":true,"href":"https:\/\/lasederia.com.py\/en\/wp-json\/wp\/v2\/media\/1027"}],"wp:attachment":[{"href":"https:\/\/lasederia.com.py\/en\/wp-json\/wp\/v2\/media?parent=1024"}],"wp:term":[{"taxonomy":"product_brand","embeddable":true,"href":"https:\/\/lasederia.com.py\/en\/wp-json\/wp\/v2\/product_brand?post=1024"},{"taxonomy":"product_cat","embeddable":true,"href":"https:\/\/lasederia.com.py\/en\/wp-json\/wp\/v2\/product_cat?post=1024"},{"taxonomy":"product_tag","embeddable":true,"href":"https:\/\/lasederia.com.py\/en\/wp-json\/wp\/v2\/product_tag?post=1024"}],"curies":[{"name":"wp","href":"https:\/\/api.w.org\/{rel}","templated":true}]}}