{"id":1019,"date":"2026-01-27T22:40:56","date_gmt":"2026-01-27T22:40:56","guid":{"rendered":"https:\/\/lasederia.com.py\/?post_type=product&#038;p=1019"},"modified":"2026-04-20T20:09:51","modified_gmt":"2026-04-20T20:09:51","slug":"guipure-organico","status":"publish","type":"product","link":"https:\/\/lasederia.com.py\/en\/product\/guipure-organico\/","title":{"rendered":"Guipure Org\u00e1nico"},"content":{"rendered":"<p>Guipure Org\u00e1nico con trazos irregulares que evocan nervaduras naturales y formas en movimiento. Su trama abierta y fluida crea un efecto visual ligero y art\u00edstico, con una est\u00e9tica casi et\u00e9rea.<\/p>","protected":false},"excerpt":{"rendered":"<p>Guipure Org\u00e1nico con trazos irregulares que evocan nervaduras naturales y formas en movimiento. Su trama abierta y fluida crea un efecto visual ligero y art\u00edstico, con una est\u00e9tica casi et\u00e9rea.<\/p>","protected":false},"featured_media":1021,"comment_status":"open","ping_status":"closed","template":"","meta":[],"product_brand":[],"product_cat":[36,19],"product_tag":[54,75,65,73,63,56,76,55,64,78,68,66,70,71,67,72,79,69,74,61,47,51,52,48,46,62,77],"class_list":{"0":"post-1019","1":"product","2":"type-product","3":"status-publish","4":"has-post-thumbnail","6":"product_cat-guipure-blanco","7":"product_cat-the-bridal-edit","8":"product_tag-encaje-bordado","9":"product_tag-encaje-floral","10":"product_tag-encaje-guipure","11":"product_tag-encaje-premium","12":"product_tag-encajes-paraguay","13":"product_tag-estilo-clasico","14":"product_tag-estilo-elegante","15":"product_tag-estilo-romantico","16":"product_tag-guipure","17":"product_tag-guipure-asuncion","18":"product_tag-guipure-blanco","19":"product_tag-guipure-bordado","20":"product_tag-guipure-clasico","21":"product_tag-guipure-elegante","22":"product_tag-guipure-floral","23":"product_tag-guipure-grueso","24":"product_tag-guipure-paraguay","25":"product_tag-guipure-premium","26":"product_tag-telas-elegantes","27":"product_tag-telas-en-asuncion","28":"product_tag-telas-para-blusas","29":"product_tag-telas-para-confeccion","30":"product_tag-telas-para-diseno","31":"product_tag-telas-para-moda-femenina","32":"product_tag-telas-para-vestidos","33":"product_tag-telas-paraguay","34":"product_tag-textil-premium","36":"first","37":"instock","38":"shipping-taxable","39":"purchasable","40":"product-type-simple"},"jetpack_sharing_enabled":true,"_links":{"self":[{"href":"https:\/\/lasederia.com.py\/en\/wp-json\/wp\/v2\/product\/1019","targetHints":{"allow":["GET"]}}],"collection":[{"href":"https:\/\/lasederia.com.py\/en\/wp-json\/wp\/v2\/product"}],"about":[{"href":"https:\/\/lasederia.com.py\/en\/wp-json\/wp\/v2\/types\/product"}],"replies":[{"embeddable":true,"href":"https:\/\/lasederia.com.py\/en\/wp-json\/wp\/v2\/comments?post=1019"}],"wp:featuredmedia":[{"embeddable":true,"href":"https:\/\/lasederia.com.py\/en\/wp-json\/wp\/v2\/media\/1021"}],"wp:attachment":[{"href":"https:\/\/lasederia.com.py\/en\/wp-json\/wp\/v2\/media?parent=1019"}],"wp:term":[{"taxonomy":"product_brand","embeddable":true,"href":"https:\/\/lasederia.com.py\/en\/wp-json\/wp\/v2\/product_brand?post=1019"},{"taxonomy":"product_cat","embeddable":true,"href":"https:\/\/lasederia.com.py\/en\/wp-json\/wp\/v2\/product_cat?post=1019"},{"taxonomy":"product_tag","embeddable":true,"href":"https:\/\/lasederia.com.py\/en\/wp-json\/wp\/v2\/product_tag?post=1019"}],"curies":[{"name":"wp","href":"https:\/\/api.w.org\/{rel}","templated":true}]}}